{"id":79,"date":"2025-03-24T11:17:50","date_gmt":"2025-03-24T10:17:50","guid":{"rendered":"https:\/\/gallinago.fr\/?page_id=79"},"modified":"2025-11-16T18:20:30","modified_gmt":"2025-11-16T17:20:30","slug":"79-2","status":"publish","type":"page","link":"https:\/\/gallinago.fr\/index.php\/79-2\/","title":{"rendered":"Communication"},"content":{"rendered":"<p>[et_pb_section fb_built=\u00a0\u00bb1&Prime; fullwidth=\u00a0\u00bbon\u00a0\u00bb admin_label=\u00a0\u00bbHero Section\u00a0\u00bb _builder_version=\u00a0\u00bb4.27.4&Prime; background_color=\u00a0\u00bbrgba(255,255,255,0.7)\u00a0\u00bb animation_direction=\u00a0\u00bbbottom\u00a0\u00bb locked=\u00a0\u00bboff\u00a0\u00bb global_colors_info=\u00a0\u00bb{}\u00a0\u00bb][et_pb_fullwidth_header title=\u00a0\u00bbCOMMUNICATION\u00a0\u00bb text_orientation=\u00a0\u00bbcenter\u00a0\u00bb header_scroll_down=\u00a0\u00bbon\u00a0\u00bb scroll_down_icon=\u00a0\u00bb%%1%%\u00a0\u00bb scroll_down_icon_color=\u00a0\u00bb#F3F2E0&Prime; scroll_down_icon_size=\u00a0\u00bb30px\u00a0\u00bb background_overlay_color=\u00a0\u00bbrgba(53,53,53,0.5)\u00a0\u00bb title_font_color=\u00a0\u00bb#444235&Prime; subhead_font_color=\u00a0\u00bb#444235&Prime; admin_label=\u00a0\u00bbHero\u00a0\u00bb _builder_version=\u00a0\u00bb4.27.4&Prime; title_font=\u00a0\u00bbMontserrat||||||||\u00a0\u00bb title_text_color=\u00a0\u00bb#F3F2E0&Prime; title_font_size=\u00a0\u00bb72px\u00a0\u00bb title_line_height=\u00a0\u00bb1.3em\u00a0\u00bb content_font=\u00a0\u00bbParkside||||||||\u00a0\u00bb subhead_font=\u00a0\u00bbMontserrat|||on|||||\u00a0\u00bb subhead_text_color=\u00a0\u00bb#D90D16&Prime; subhead_font_size=\u00a0\u00bb20px\u00a0\u00bb subhead_letter_spacing=\u00a0\u00bb8px\u00a0\u00bb subhead_line_height=\u00a0\u00bb2em\u00a0\u00bb background_image=\u00a0\u00bbhttps:\/\/gallinago.fr\/wp-content\/uploads\/2025\/08\/IMG_0021-2.heic\u00a0\u00bb parallax=\u00a0\u00bbon\u00a0\u00bb parallax_method=\u00a0\u00bbon\u00a0\u00bb button_one_text_size=\u00a0\u00bb16px\u00a0\u00bb button_one_text_color=\u00a0\u00bb#ffffff\u00a0\u00bb button_one_bg_color=\u00a0\u00bb#d1af83&Prime; button_one_border_width=\u00a0\u00bb10px\u00a0\u00bb button_one_border_color=\u00a0\u00bb#d1af83&Prime; button_one_letter_spacing=\u00a0\u00bb6px\u00a0\u00bb button_one_font=\u00a0\u00bbOpen Sans||||\u00a0\u00bb background_layout=\u00a0\u00bblight\u00a0\u00bb custom_padding=\u00a0\u00bb100px||100px|\u00a0\u00bb hover_enabled=\u00a0\u00bb0&Prime; title_font_size_tablet=\u00a0\u00bb\u00a0\u00bb title_font_size_phone=\u00a0\u00bb80px\u00a0\u00bb title_font_size_last_edited=\u00a0\u00bbon|phone\u00a0\u00bb button_one_letter_spacing_hover=\u00a0\u00bb10px\u00a0\u00bb saved_tabs=\u00a0\u00bball\u00a0\u00bb global_colors_info=\u00a0\u00bb{}\u00a0\u00bb button_one_text_size__hover_enabled=\u00a0\u00bboff\u00a0\u00bb button_two_text_size__hover_enabled=\u00a0\u00bboff\u00a0\u00bb button_one_text_color__hover_enabled=\u00a0\u00bboff\u00a0\u00bb button_two_text_color__hover_enabled=\u00a0\u00bboff\u00a0\u00bb button_one_border_width__hover_enabled=\u00a0\u00bboff\u00a0\u00bb button_two_border_width__hover_enabled=\u00a0\u00bboff\u00a0\u00bb button_one_border_color__hover_enabled=\u00a0\u00bboff\u00a0\u00bb button_two_border_color__hover_enabled=\u00a0\u00bboff\u00a0\u00bb button_one_border_radius__hover_enabled=\u00a0\u00bboff\u00a0\u00bb button_two_border_radius__hover_enabled=\u00a0\u00bboff\u00a0\u00bb button_one_letter_spacing__hover=\u00a0\u00bb10px\u00a0\u00bb button_two_letter_spacing__hover_enabled=\u00a0\u00bboff\u00a0\u00bb button_one_bg_color__hover_enabled=\u00a0\u00bboff\u00a0\u00bb button_two_bg_color__hover_enabled=\u00a0\u00bboff\u00a0\u00bb sticky_enabled=\u00a0\u00bb0&Prime;][\/et_pb_fullwidth_header][\/et_pb_section][et_pb_section fb_built=\u00a0\u00bb1&Prime; _builder_version=\u00a0\u00bb4.16&Prime; _module_preset=\u00a0\u00bbdefault\u00a0\u00bb global_colors_info=\u00a0\u00bb{}\u00a0\u00bb][et_pb_row _builder_version=\u00a0\u00bb4.16&Prime; _module_preset=\u00a0\u00bbdefault\u00a0\u00bb global_colors_info=\u00a0\u00bb{}\u00a0\u00bb][et_pb_column type=\u00a0\u00bb4_4&Prime; _builder_version=\u00a0\u00bb4.16&Prime; _module_preset=\u00a0\u00bbdefault\u00a0\u00bb global_colors_info=\u00a0\u00bb{}\u00a0\u00bb][et_pb_text _builder_version=\u00a0\u00bb4.27.4&Prime; _module_preset=\u00a0\u00bbdefault\u00a0\u00bb global_colors_info=\u00a0\u00bb{}\u00a0\u00bb]<\/p>\n<p><span style=\"font-size: xx-large;\"><strong>PRESTATIONS COMMUNICATION<\/strong><\/span><\/p>\n<p>&nbsp;<\/p>\n<p>Chez Gallinago, nous accompagnons les PME du secteur de l\u2019environnement et de l\u2019\u00e9nergie dans la valorisation de leurs engagements et de leurs projets.<\/p>\n<p>Notre mission : vous aider \u00e0 faire rayonner votre impact positif gr\u00e2ce \u00e0 une communication authentique, coh\u00e9rente et cr\u00e9ative.<\/p>\n<p>Nos expertises :<\/p>\n<ul>\n<li>R\u00e9seaux sociaux : strat\u00e9gie \u00e9ditoriale, cr\u00e9ation de contenus, animation de communaut\u00e9s.<\/li>\n<li>Site web : conception, r\u00e9daction, refonte ou optimisation de votre pr\u00e9sence en ligne.<\/li>\n<li>Partenariats &amp; \u00e9v\u00e9nements : mise en valeur de vos collaborations, activations terrain, communication \u00e9v\u00e9nementielle.<\/li>\n<li>Goodies responsables : cr\u00e9ation d\u2019objets utiles, durables et align\u00e9s avec vos valeurs.<\/li>\n<\/ul>\n<p>Parce que chaque geste compte, nous mettons notre \u00e9nergie au service de ceux qui agissent pour un monde plus durable.<\/p>\n<p>[\/et_pb_text][\/et_pb_column][\/et_pb_row][\/et_pb_section]<\/p>\n","protected":false},"excerpt":{"rendered":"<p>PRESTATIONS COMMUNICATION &nbsp; Chez Gallinago, nous accompagnons les PME du secteur de l\u2019environnement et de l\u2019\u00e9nergie dans la valorisation de leurs engagements et de leurs projets. Notre mission : vous aider \u00e0 faire rayonner votre impact positif gr\u00e2ce \u00e0 une communication authentique, coh\u00e9rente et cr\u00e9ative. Nos expertises : R\u00e9seaux sociaux : strat\u00e9gie \u00e9ditoriale, cr\u00e9ation de [&hellip;]<\/p>\n","protected":false},"author":1,"featured_media":0,"parent":0,"menu_order":0,"comment_status":"closed","ping_status":"closed","template":"","meta":{"_et_pb_use_builder":"on","_et_pb_old_content":"","_et_gb_content_width":"","footnotes":""},"class_list":["post-79","page","type-page","status-publish","hentry"],"_links":{"self":[{"href":"https:\/\/gallinago.fr\/index.php\/wp-json\/wp\/v2\/pages\/79","targetHints":{"allow":["GET"]}}],"collection":[{"href":"https:\/\/gallinago.fr\/index.php\/wp-json\/wp\/v2\/pages"}],"about":[{"href":"https:\/\/gallinago.fr\/index.php\/wp-json\/wp\/v2\/types\/page"}],"author":[{"embeddable":true,"href":"https:\/\/gallinago.fr\/index.php\/wp-json\/wp\/v2\/users\/1"}],"replies":[{"embeddable":true,"href":"https:\/\/gallinago.fr\/index.php\/wp-json\/wp\/v2\/comments?post=79"}],"version-history":[{"count":19,"href":"https:\/\/gallinago.fr\/index.php\/wp-json\/wp\/v2\/pages\/79\/revisions"}],"predecessor-version":[{"id":1140,"href":"https:\/\/gallinago.fr\/index.php\/wp-json\/wp\/v2\/pages\/79\/revisions\/1140"}],"wp:attachment":[{"href":"https:\/\/gallinago.fr\/index.php\/wp-json\/wp\/v2\/media?parent=79"}],"curies":[{"name":"wp","href":"https:\/\/api.w.org\/{rel}","templated":true}]}}